{"id":227,"date":"2025-10-25T18:46:27","date_gmt":"2025-10-25T18:46:27","guid":{"rendered":"https:\/\/smrteq.com\/?page_id=227"},"modified":"2025-12-15T10:11:36","modified_gmt":"2025-12-15T10:11:36","slug":"inicio","status":"publish","type":"page","link":"https:\/\/smrteq.com\/en\/","title":{"rendered":""},"content":{"rendered":"<h1 class=\"wp-block-heading alignwide has-text-align-center\" style=\"padding-top:var(--wp--preset--spacing--30);padding-bottom:var(--wp--preset--spacing--30)\">International consulting to improve industrial reliability, efficiency, and performance.<\/h1>\n\n\n\n<div class=\"wp-block-cover alignfull\" style=\"padding-top:0;padding-bottom:0;min-height:679px;aspect-ratio:unset;\"><img loading=\"lazy\" decoding=\"async\" width=\"575\" height=\"242\" class=\"wp-block-cover__image-background wp-image-390 size-full\" alt=\"\" src=\"https:\/\/smrteq.com\/wp-content\/uploads\/2025\/11\/Captura-de-pantalla-2025-11-13-a-las-15.09.54.png\" data-object-fit=\"cover\" srcset=\"https:\/\/smrteq.com\/wp-content\/uploads\/2025\/11\/Captura-de-pantalla-2025-11-13-a-las-15.09.54.png 575w, https:\/\/smrteq.com\/wp-content\/uploads\/2025\/11\/Captura-de-pantalla-2025-11-13-a-las-15.09.54-300x126.png 300w\" sizes=\"auto, (max-width: 575px) 100vw, 575px\" \/><span aria-hidden=\"true\" class=\"wp-block-cover__background has-background-dim-0 has-background-dim\" style=\"background-color:#6d7a7d\"><\/span><div class=\"wp-block-cover__inner-container has-global-padding is-layout-constrained wp-block-cover-is-layout-constrained\">\n<p class=\"has-text-align-center has-large-font-size\"><\/p>\n<\/div><\/div>\n\n\n\n<p class=\"has-text-align-center has-x-large-font-size\">From strategy to action, with measurable results<\/p>\n\n\n\n<div class=\"wp-block-buttons is-content-justification-center is-layout-flex wp-container-core-buttons-is-layout-a89b3969 wp-block-buttons-is-layout-flex\">\n<div class=\"wp-block-button\"><a class=\"wp-block-button__link has-text-color has-background has-link-color wp-element-button\" style=\"border-radius:38px;color:#0e164b;background-color:#86e5ed\">Schedule a free consultation<\/a><\/div>\n\n\n\n<div class=\"wp-block-button\"><a class=\"wp-block-button__link has-text-color has-background has-link-color wp-element-button\" style=\"border-radius:38px;color:#0e164b;background-color:#86e5ed\">Download Case Study <\/a><\/div>\n<\/div>\n\n\n\n<p><\/p>","protected":false},"excerpt":{"rendered":"<p>Consultor\u00eda internacional para mejorar la fiabilidad, eficiencia y desempe\u00f1o industrial. De la estrategia a la acci\u00f3n, con resultados medibles<\/p>","protected":false},"author":1,"featured_media":0,"parent":0,"menu_order":0,"comment_status":"closed","ping_status":"closed","template":"","meta":{"footnotes":""},"class_list":["post-227","page","type-page","status-publish","hentry"],"_links":{"self":[{"href":"https:\/\/smrteq.com\/en\/wp-json\/wp\/v2\/pages\/227","targetHints":{"allow":["GET"]}}],"collection":[{"href":"https:\/\/smrteq.com\/en\/wp-json\/wp\/v2\/pages"}],"about":[{"href":"https:\/\/smrteq.com\/en\/wp-json\/wp\/v2\/types\/page"}],"author":[{"embeddable":true,"href":"https:\/\/smrteq.com\/en\/wp-json\/wp\/v2\/users\/1"}],"replies":[{"embeddable":true,"href":"https:\/\/smrteq.com\/en\/wp-json\/wp\/v2\/comments?post=227"}],"version-history":[{"count":19,"href":"https:\/\/smrteq.com\/en\/wp-json\/wp\/v2\/pages\/227\/revisions"}],"predecessor-version":[{"id":506,"href":"https:\/\/smrteq.com\/en\/wp-json\/wp\/v2\/pages\/227\/revisions\/506"}],"wp:attachment":[{"href":"https:\/\/smrteq.com\/en\/wp-json\/wp\/v2\/media?parent=227"}],"curies":[{"name":"wp","href":"https:\/\/api.w.org\/{rel}","templated":true}]}}