{"id":225,"date":"2025-10-25T18:46:01","date_gmt":"2025-10-25T18:46:01","guid":{"rendered":"https:\/\/smrteq.com\/?page_id=225"},"modified":"2025-11-13T16:00:12","modified_gmt":"2025-11-13T16:00:12","slug":"productos","status":"publish","type":"page","link":"https:\/\/smrteq.com\/en\/productos\/","title":{"rendered":"PROJECTS \/ SUCCESS STORIES"},"content":{"rendered":"<h2 class=\"wp-block-heading\">Project: Operational Performance Improvement \u2013 SOBOCE, Viacha Plant, Bolivia.<\/h2>\n\n\n\n<div class=\"wp-block-columns is-layout-flex wp-container-core-columns-is-layout-28f84493 wp-block-columns-is-layout-flex\">\n<div class=\"wp-block-column is-layout-flow wp-block-column-is-layout-flow\">\n<div class=\"wp-block-cover\"><img loading=\"lazy\" decoding=\"async\" width=\"1024\" height=\"1024\" class=\"wp-block-cover__image-background wp-image-93 size-full\" alt=\"\" src=\"https:\/\/smrteq.com\/wp-content\/uploads\/2025\/07\/u3345439149_minimalistic_background_for_a_website_-v_6.1_b75bc593-e715-494d-bb45-22edb612dad9_3.png\" data-object-fit=\"cover\"\/><span aria-hidden=\"true\" class=\"wp-block-cover__background has-background-dim\" style=\"background-color:#597375\"><\/span><div class=\"wp-block-cover__inner-container has-global-padding is-layout-constrained wp-block-cover-is-layout-constrained\">\n<p class=\"has-text-align-center has-large-font-size\"><\/p>\n<\/div><\/div>\n<\/div>\n<\/div>\n\n\n\n<div class=\"wp-block-columns alignwide are-vertically-aligned-top is-layout-flex wp-container-core-columns-is-layout-28f84493 wp-block-columns-is-layout-flex\">\n<div class=\"wp-block-column is-vertically-aligned-top is-layout-flow wp-block-column-is-layout-flow\">\n<h2 class=\"wp-block-heading has-text-align-center\">Challenge <\/h2>\n\n\n\n<p>High failure frequency, excessive energy consumption, suboptimal clinker-to-cement ratio.<\/p>\n<\/div>\n\n\n\n<div class=\"wp-block-column is-vertically-aligned-top is-layout-flow wp-block-column-is-layout-flow\">\n<h2 class=\"wp-block-heading has-text-align-center\">Action <\/h2>\n\n\n\n<p>Reliability Committee, organizational redesign, energy and maintenance control.<\/p>\n<\/div>\n\n\n\n<div class=\"wp-block-column is-vertically-aligned-top is-layout-flow wp-block-column-is-layout-flow\">\n<h2 class=\"wp-block-heading has-text-align-center\">Results<\/h2>\n\n\n\n<p class=\"has-text-align-left\">Reliability Committee, organizational redesign, energy and maintenance control.<\/p>\n<\/div>\n<\/div>\n\n\n\n<h2 class=\"wp-block-heading\" style=\"margin-top:var(--wp--preset--spacing--60);margin-right:0;margin-bottom:var(--wp--preset--spacing--60);margin-left:0\">Lean implementation in packaging, energy optimization in grinding.<\/h2>","protected":false},"excerpt":{"rendered":"<p>Proyecto Mejora del desempe\u00f1o operativo, SOBOCE, Planta Viacha \u2013 Bolivia. Reto Alta frecuencia de fallas, consumo energ\u00e9tico elevado, factor cl\u00ednker\/cemento sub\u00f3ptimo. Acci\u00f3n Comit\u00e9 de Fiabilidad, redise\u00f1o organizativo, control energ\u00e9tico y de mantenimiento. Resultados Reducci\u00f3n del backlog 40 %, ahorro t\u00e9rmico y el\u00e9ctrico, mejora del factor cl\u00ednker. Implementaci\u00f3n Lean en envasado, optimizaci\u00f3n energ\u00e9tica en molienda.<\/p>","protected":false},"author":1,"featured_media":0,"parent":0,"menu_order":0,"comment_status":"closed","ping_status":"closed","template":"","meta":{"footnotes":""},"class_list":["post-225","page","type-page","status-publish","hentry"],"_links":{"self":[{"href":"https:\/\/smrteq.com\/en\/wp-json\/wp\/v2\/pages\/225","targetHints":{"allow":["GET"]}}],"collection":[{"href":"https:\/\/smrteq.com\/en\/wp-json\/wp\/v2\/pages"}],"about":[{"href":"https:\/\/smrteq.com\/en\/wp-json\/wp\/v2\/types\/page"}],"author":[{"embeddable":true,"href":"https:\/\/smrteq.com\/en\/wp-json\/wp\/v2\/users\/1"}],"replies":[{"embeddable":true,"href":"https:\/\/smrteq.com\/en\/wp-json\/wp\/v2\/comments?post=225"}],"version-history":[{"count":13,"href":"https:\/\/smrteq.com\/en\/wp-json\/wp\/v2\/pages\/225\/revisions"}],"predecessor-version":[{"id":428,"href":"https:\/\/smrteq.com\/en\/wp-json\/wp\/v2\/pages\/225\/revisions\/428"}],"wp:attachment":[{"href":"https:\/\/smrteq.com\/en\/wp-json\/wp\/v2\/media?parent=225"}],"curies":[{"name":"wp","href":"https:\/\/api.w.org\/{rel}","templated":true}]}}