{"id":223,"date":"2025-10-25T18:45:23","date_gmt":"2025-10-25T18:45:23","guid":{"rendered":"https:\/\/smrteq.com\/?page_id=223"},"modified":"2025-11-20T15:56:20","modified_gmt":"2025-11-20T15:56:20","slug":"servicios","status":"publish","type":"page","link":"https:\/\/smrteq.com\/en\/servicios\/","title":{"rendered":"Services"},"content":{"rendered":"<div class=\"wp-block-group is-layout-grid wp-container-core-group-is-layout-478b6e6b wp-block-group-is-layout-grid\">\n<h2 class=\"wp-block-heading\">Maintenance and Operational Reliability<\/h2>\n\n\n\n<figure class=\"wp-block-image size-large\"><img loading=\"lazy\" decoding=\"async\" width=\"768\" height=\"1024\" src=\"https:\/\/smrteq.com\/wp-content\/uploads\/2025\/11\/IMG_7807-768x1024.jpg\" alt=\"\" class=\"wp-image-484\" srcset=\"https:\/\/smrteq.com\/wp-content\/uploads\/2025\/11\/IMG_7807-768x1024.jpg 768w, https:\/\/smrteq.com\/wp-content\/uploads\/2025\/11\/IMG_7807-225x300.jpg 225w, https:\/\/smrteq.com\/wp-content\/uploads\/2025\/11\/IMG_7807-1152x1536.jpg 1152w, https:\/\/smrteq.com\/wp-content\/uploads\/2025\/11\/IMG_7807-1536x2048.jpg 1536w, https:\/\/smrteq.com\/wp-content\/uploads\/2025\/11\/IMG_7807-9x12.jpg 9w, https:\/\/smrteq.com\/wp-content\/uploads\/2025\/11\/IMG_7807-scaled.jpg 1920w\" sizes=\"auto, (max-width: 768px) 100vw, 768px\" \/><\/figure>\n<\/div>\n\n\n\n<div class=\"wp-block-group is-layout-grid wp-container-core-group-is-layout-478b6e6b wp-block-group-is-layout-grid\">\n<p>&nbsp;&nbsp;&nbsp;Implementation of reliability committees, RCA, 5 Whys, backlog management, MTBF tracking.<br>&nbsp; <\/p>\n\n\n\n<p>Benefits: +MTBF, \u2013downtime, +efficiency.<\/p>\n<\/div>\n\n\n\n<div class=\"wp-block-group is-layout-grid wp-container-core-group-is-layout-478b6e6b wp-block-group-is-layout-grid\">\n<h2 class=\"wp-block-heading\">Industrial Energy Efficiency<\/h2>\n\n\n\n<figure class=\"wp-block-image size-large\"><img loading=\"lazy\" decoding=\"async\" width=\"1024\" height=\"768\" src=\"https:\/\/smrteq.com\/wp-content\/uploads\/2025\/11\/IMG_0473-1024x768.jpg\" alt=\"\" class=\"wp-image-469\" srcset=\"https:\/\/smrteq.com\/wp-content\/uploads\/2025\/11\/IMG_0473-1024x768.jpg 1024w, https:\/\/smrteq.com\/wp-content\/uploads\/2025\/11\/IMG_0473-300x225.jpg 300w, https:\/\/smrteq.com\/wp-content\/uploads\/2025\/11\/IMG_0473-768x576.jpg 768w, https:\/\/smrteq.com\/wp-content\/uploads\/2025\/11\/IMG_0473-1536x1152.jpg 1536w, https:\/\/smrteq.com\/wp-content\/uploads\/2025\/11\/IMG_0473-2048x1536.jpg 2048w, https:\/\/smrteq.com\/wp-content\/uploads\/2025\/11\/IMG_0473-16x12.jpg 16w\" sizes=\"auto, (max-width: 1024px) 100vw, 1024px\" \/><\/figure>\n<\/div>\n\n\n\n<div class=\"wp-block-group is-layout-grid wp-container-core-group-is-layout-478b6e6b wp-block-group-is-layout-grid\">\n<p>Electrical\/thermal diagnostics, energy KPIs, false air control, power optimization.<\/p>\n<\/div>\n\n\n\n<div class=\"wp-block-group is-layout-grid wp-container-core-group-is-layout-478b6e6b wp-block-group-is-layout-grid\">\n<h2 class=\"wp-block-heading wp-container-content-69bc4bdf\">Clinker\/Cement Process Optimization<\/h2>\n\n\n\n<figure class=\"wp-block-image size-large\"><img loading=\"lazy\" decoding=\"async\" width=\"768\" height=\"1024\" src=\"https:\/\/smrteq.com\/wp-content\/uploads\/2025\/11\/IMG_0046-768x1024.jpg\" alt=\"\" class=\"wp-image-464\" srcset=\"https:\/\/smrteq.com\/wp-content\/uploads\/2025\/11\/IMG_0046-768x1024.jpg 768w, https:\/\/smrteq.com\/wp-content\/uploads\/2025\/11\/IMG_0046-225x300.jpg 225w, https:\/\/smrteq.com\/wp-content\/uploads\/2025\/11\/IMG_0046-1152x1536.jpg 1152w, https:\/\/smrteq.com\/wp-content\/uploads\/2025\/11\/IMG_0046-1536x2048.jpg 1536w, https:\/\/smrteq.com\/wp-content\/uploads\/2025\/11\/IMG_0046-9x12.jpg 9w, https:\/\/smrteq.com\/wp-content\/uploads\/2025\/11\/IMG_0046-scaled.jpg 1920w\" sizes=\"auto, (max-width: 768px) 100vw, 768px\" \/><\/figure>\n<\/div>\n\n\n\n<div class=\"wp-block-group is-layout-grid wp-container-core-group-is-layout-478b6e6b wp-block-group-is-layout-grid\">\n<p>&nbsp;Clinker reactivity, CKD, LSF modules, SIM, ALM.<\/p>\n<\/div>\n\n\n\n<div class=\"wp-block-group is-layout-grid wp-container-core-group-is-layout-478b6e6b wp-block-group-is-layout-grid\">\n<h2 class=\"wp-block-heading\">Organization and Cultural Change<\/h2>\n\n\n\n<figure class=\"wp-block-image size-large\"><img loading=\"lazy\" decoding=\"async\" width=\"768\" height=\"1024\" src=\"https:\/\/smrteq.com\/wp-content\/uploads\/2025\/11\/IMG_6831-768x1024.jpg\" alt=\"\" class=\"wp-image-474\" srcset=\"https:\/\/smrteq.com\/wp-content\/uploads\/2025\/11\/IMG_6831-768x1024.jpg 768w, https:\/\/smrteq.com\/wp-content\/uploads\/2025\/11\/IMG_6831-225x300.jpg 225w, https:\/\/smrteq.com\/wp-content\/uploads\/2025\/11\/IMG_6831-1152x1536.jpg 1152w, https:\/\/smrteq.com\/wp-content\/uploads\/2025\/11\/IMG_6831-1536x2048.jpg 1536w, https:\/\/smrteq.com\/wp-content\/uploads\/2025\/11\/IMG_6831-9x12.jpg 9w, https:\/\/smrteq.com\/wp-content\/uploads\/2025\/11\/IMG_6831-scaled.jpg 1920w\" sizes=\"auto, (max-width: 768px) 100vw, 768px\" \/><\/figure>\n<\/div>\n\n\n\n<div class=\"wp-block-group is-layout-grid wp-container-core-group-is-layout-478b6e6b wp-block-group-is-layout-grid\">\n<p>&nbsp;Lean models, RACI roles, structured meetings, continuous improvement.<\/p>\n<\/div>\n\n\n\n<div class=\"wp-block-group is-layout-grid wp-container-core-group-is-layout-478b6e6b wp-block-group-is-layout-grid\">\n<h2 class=\"wp-block-heading\">Operational Training and Coaching<\/h2>\n\n\n\n<figure class=\"wp-block-image size-large\"><img loading=\"lazy\" decoding=\"async\" width=\"768\" height=\"1024\" src=\"https:\/\/smrteq.com\/wp-content\/uploads\/2025\/11\/IMG_6742-768x1024.jpg\" alt=\"\" class=\"wp-image-473\" srcset=\"https:\/\/smrteq.com\/wp-content\/uploads\/2025\/11\/IMG_6742-768x1024.jpg 768w, https:\/\/smrteq.com\/wp-content\/uploads\/2025\/11\/IMG_6742-225x300.jpg 225w, https:\/\/smrteq.com\/wp-content\/uploads\/2025\/11\/IMG_6742-1152x1536.jpg 1152w, https:\/\/smrteq.com\/wp-content\/uploads\/2025\/11\/IMG_6742-1536x2048.jpg 1536w, https:\/\/smrteq.com\/wp-content\/uploads\/2025\/11\/IMG_6742-9x12.jpg 9w, https:\/\/smrteq.com\/wp-content\/uploads\/2025\/11\/IMG_6742-scaled.jpg 1920w\" sizes=\"auto, (max-width: 768px) 100vw, 768px\" \/><\/figure>\n<\/div>\n\n\n\n<div class=\"wp-block-group is-layout-grid wp-container-core-group-is-layout-478b6e6b wp-block-group-is-layout-grid\">\n<p>Technical training, leadership, safety, and Lean tools.<br><\/p>\n<\/div>\n\n\n\n<p><\/p>","protected":false},"excerpt":{"rendered":"<p>Mantenimiento y Fiabilidad Operativa &nbsp;&nbsp;&nbsp;&#8211; Implementaci\u00f3n de comit\u00e9s de fiabilidad, RCA, 5 Porqu\u00e9s, backlog, MTBF.&nbsp; &#8211; Beneficios: +MTBF, \u2013paros, +eficiencia. Eficiencia Energ\u00e9tica Industria Diagn\u00f3stico el\u00e9ctrico\/t\u00e9rmico, KPIs energ\u00e9ticos, control de aire falso, optimizaci\u00f3n de potencia. Optimizaci\u00f3n de Procesos Clinker\/Cemento &nbsp;Reactividad del cl\u00ednker, CKD, m\u00f3dulos LSF, SIM, ALM Organizaci\u00f3n y Cambio Cultural &nbsp;Modelos Lean, roles RACI, reuniones [&hellip;]<\/p>","protected":false},"author":1,"featured_media":0,"parent":0,"menu_order":0,"comment_status":"closed","ping_status":"closed","template":"","meta":{"footnotes":""},"class_list":["post-223","page","type-page","status-publish","hentry"],"_links":{"self":[{"href":"https:\/\/smrteq.com\/en\/wp-json\/wp\/v2\/pages\/223","targetHints":{"allow":["GET"]}}],"collection":[{"href":"https:\/\/smrteq.com\/en\/wp-json\/wp\/v2\/pages"}],"about":[{"href":"https:\/\/smrteq.com\/en\/wp-json\/wp\/v2\/types\/page"}],"author":[{"embeddable":true,"href":"https:\/\/smrteq.com\/en\/wp-json\/wp\/v2\/users\/1"}],"replies":[{"embeddable":true,"href":"https:\/\/smrteq.com\/en\/wp-json\/wp\/v2\/comments?post=223"}],"version-history":[{"count":6,"href":"https:\/\/smrteq.com\/en\/wp-json\/wp\/v2\/pages\/223\/revisions"}],"predecessor-version":[{"id":499,"href":"https:\/\/smrteq.com\/en\/wp-json\/wp\/v2\/pages\/223\/revisions\/499"}],"wp:attachment":[{"href":"https:\/\/smrteq.com\/en\/wp-json\/wp\/v2\/media?parent=223"}],"curies":[{"name":"wp","href":"https:\/\/api.w.org\/{rel}","templated":true}]}}