{"id":221,"date":"2025-10-25T18:44:06","date_gmt":"2025-10-25T18:44:06","guid":{"rendered":"https:\/\/smrteq.com\/?page_id=221"},"modified":"2025-11-26T11:33:03","modified_gmt":"2025-11-26T11:33:03","slug":"quienes-somos","status":"publish","type":"page","link":"https:\/\/smrteq.com\/en\/quienes-somos\/","title":{"rendered":"About us"},"content":{"rendered":"<p>&nbsp;<\/p>\n\n\n\n<h2 class=\"wp-block-heading\">Values: Excellence, Collaboration, Results, Sustainability.<br><br><\/h2>\n\n\n\n<div class=\"wp-block-columns alignwide is-layout-flex wp-container-core-columns-is-layout-28f84493 wp-block-columns-is-layout-flex\">\n<div class=\"wp-block-column is-layout-flow wp-block-column-is-layout-flow\" style=\"flex-basis:100%\">\n<div class=\"wp-block-group alignwide is-nowrap is-layout-flex wp-container-core-group-is-layout-73310a01 wp-block-group-is-layout-flex\" style=\"border-style:none;border-width:0px;margin-top:0;margin-bottom:0;padding-top:0;padding-right:0;padding-left:0\">\n<figure class=\"wp-block-image size-full is-resized wp-container-content-69bc4bdf\" style=\"margin-top:0;margin-right:0;margin-bottom:0;margin-left:0\"><img loading=\"lazy\" decoding=\"async\" width=\"600\" height=\"633\" src=\"https:\/\/smrteq.com\/wp-content\/uploads\/2025\/11\/RRL-man-meetin2-1.jpg\" alt=\"\" class=\"wp-image-491\" style=\"width:526px;height:auto\" srcset=\"https:\/\/smrteq.com\/wp-content\/uploads\/2025\/11\/RRL-man-meetin2-1.jpg 600w, https:\/\/smrteq.com\/wp-content\/uploads\/2025\/11\/RRL-man-meetin2-1-284x300.jpg 284w, https:\/\/smrteq.com\/wp-content\/uploads\/2025\/11\/RRL-man-meetin2-1-11x12.jpg 11w\" sizes=\"auto, (max-width: 600px) 100vw, 600px\" \/><\/figure>\n\n\n\n<p class=\"wp-container-content-69bc4bdf\">I\u2019m Ricardo Rodr\u00edguez Leyva, an international consultant in reliability and industrial operations with over 25 years of experience in cement plants and continuous processes. I have held senior management positions in maintenance and plant operations, and currently collaborate with organizations across Latin America and Europe to drive operational transformation programs.<\/p>\n<\/div>\n<\/div>\n<\/div>\n\n\n\n<h2 class=\"wp-block-heading alignwide\" style=\"margin-top:var(--wp--preset--spacing--30);margin-right:0;margin-bottom:var(--wp--preset--spacing--30);margin-left:0\"> Visual Methodology: Diagnosis \u2192 Solution \u2192 Implementation \u2192 Results.<\/h2>\n\n\n\n<p>Certification: International Consultant \u2013 Ibero-American University Puebla<\/p>","protected":false},"excerpt":{"rendered":"<p>&nbsp; Valores: Excelencia, Colaboraci\u00f3n, Resultados, Sustentabilidad. &#8216;Soy Ricardo Rodr\u00edguez Leyva, consultor internacional en fiabilidad y operaciones industriales con m\u00e1s de 25 a\u00f1os de experiencia en plantas de cemento y procesos continuos. He ocupado cargos directivos en mantenimiento y gesti\u00f3n de planta, y actualmente colaboro con organizaciones en Latinoam\u00e9rica y Europa impulsando programas de transformaci\u00f3n operativa.&#8217; [&hellip;]<\/p>","protected":false},"author":1,"featured_media":0,"parent":0,"menu_order":0,"comment_status":"closed","ping_status":"closed","template":"","meta":{"footnotes":""},"class_list":["post-221","page","type-page","status-publish","hentry"],"_links":{"self":[{"href":"https:\/\/smrteq.com\/en\/wp-json\/wp\/v2\/pages\/221","targetHints":{"allow":["GET"]}}],"collection":[{"href":"https:\/\/smrteq.com\/en\/wp-json\/wp\/v2\/pages"}],"about":[{"href":"https:\/\/smrteq.com\/en\/wp-json\/wp\/v2\/types\/page"}],"author":[{"embeddable":true,"href":"https:\/\/smrteq.com\/en\/wp-json\/wp\/v2\/users\/1"}],"replies":[{"embeddable":true,"href":"https:\/\/smrteq.com\/en\/wp-json\/wp\/v2\/comments?post=221"}],"version-history":[{"count":11,"href":"https:\/\/smrteq.com\/en\/wp-json\/wp\/v2\/pages\/221\/revisions"}],"predecessor-version":[{"id":523,"href":"https:\/\/smrteq.com\/en\/wp-json\/wp\/v2\/pages\/221\/revisions\/523"}],"wp:attachment":[{"href":"https:\/\/smrteq.com\/en\/wp-json\/wp\/v2\/media?parent=221"}],"curies":[{"name":"wp","href":"https:\/\/api.w.org\/{rel}","templated":true}]}}